{"id":55612,"date":"2025-09-24T18:31:55","date_gmt":"2025-09-24T18:31:55","guid":{"rendered":"https:\/\/institutopaolini.mx\/?post_type=product&#038;p=55612"},"modified":"2025-09-24T19:55:43","modified_gmt":"2025-09-24T19:55:43","slug":"curso-de-guia-montessori","status":"publish","type":"product","link":"https:\/\/institutopaolini.mx\/index.php\/product\/curso-de-guia-montessori\/","title":{"rendered":"Curso de Gu\u00eda Montessori"},"content":{"rendered":"<p>Formaci\u00f3n enfocada en la filosof\u00eda y psicolog\u00eda de la Dra. Montessori para guiar a ni\u00f1os de 3 a 6 a\u00f1os. Incluye el uso de algunos materiales que apoyan su desarrollo integral y preparaci\u00f3n acad\u00e9mica.<\/p>\n","protected":false},"excerpt":{"rendered":"<p>Curso Certificado AMI de Orientaci\u00f3n Montessori Ni\u00f1os de 3 a 6 a\u00f1os, con validez Internacional.<\/p>\n","protected":false},"featured_media":54927,"comment_status":"open","ping_status":"closed","template":"","meta":[],"product_brand":[],"product_cat":[317],"product_tag":[],"class_list":{"0":"post-55612","1":"product","2":"type-product","3":"status-publish","4":"has-post-thumbnail","6":"product_cat-cursos-y-talleres","7":"description-off","9":"first","10":"instock","11":"shipping-taxable","12":"purchasable","13":"product-type-simple"},"_links":{"self":[{"href":"https:\/\/institutopaolini.mx\/index.php\/wp-json\/wp\/v2\/product\/55612","targetHints":{"allow":["GET"]}}],"collection":[{"href":"https:\/\/institutopaolini.mx\/index.php\/wp-json\/wp\/v2\/product"}],"about":[{"href":"https:\/\/institutopaolini.mx\/index.php\/wp-json\/wp\/v2\/types\/product"}],"replies":[{"embeddable":true,"href":"https:\/\/institutopaolini.mx\/index.php\/wp-json\/wp\/v2\/comments?post=55612"}],"version-history":[{"count":1,"href":"https:\/\/institutopaolini.mx\/index.php\/wp-json\/wp\/v2\/product\/55612\/revisions"}],"predecessor-version":[{"id":55613,"href":"https:\/\/institutopaolini.mx\/index.php\/wp-json\/wp\/v2\/product\/55612\/revisions\/55613"}],"wp:featuredmedia":[{"embeddable":true,"href":"https:\/\/institutopaolini.mx\/index.php\/wp-json\/wp\/v2\/media\/54927"}],"wp:attachment":[{"href":"https:\/\/institutopaolini.mx\/index.php\/wp-json\/wp\/v2\/media?parent=55612"}],"wp:term":[{"taxonomy":"product_brand","embeddable":true,"href":"https:\/\/institutopaolini.mx\/index.php\/wp-json\/wp\/v2\/product_brand?post=55612"},{"taxonomy":"product_cat","embeddable":true,"href":"https:\/\/institutopaolini.mx\/index.php\/wp-json\/wp\/v2\/product_cat?post=55612"},{"taxonomy":"product_tag","embeddable":true,"href":"https:\/\/institutopaolini.mx\/index.php\/wp-json\/wp\/v2\/product_tag?post=55612"}],"curies":[{"name":"wp","href":"https:\/\/api.w.org\/{rel}","templated":true}]}}