{"id":55327,"date":"2025-09-14T20:25:24","date_gmt":"2025-09-14T20:25:24","guid":{"rendered":"https:\/\/paolini.envasesmegaplastic.com\/?post_type=product&#038;p=55327"},"modified":"2025-09-14T20:26:51","modified_gmt":"2025-09-14T20:26:51","slug":"balancin-de-gusanito","status":"publish","type":"product","link":"https:\/\/institutopaolini.mx\/index.php\/product\/balancin-de-gusanito\/","title":{"rendered":"Balanc\u00edn de gusanito"},"content":{"rendered":"","protected":false},"excerpt":{"rendered":"<p>Balanc\u00edn de equilibrio con c\u00edrrculo de papel con puntos de colores adhesivos<\/p>\n","protected":false},"featured_media":55328,"comment_status":"open","ping_status":"closed","template":"","meta":[],"product_brand":[],"product_cat":[316],"product_tag":[176],"class_list":{"0":"post-55327","1":"product","2":"type-product","3":"status-publish","4":"has-post-thumbnail","6":"product_cat-paolini-kits","7":"product_tag-streetwear","9":"first","10":"instock","11":"shipping-taxable","12":"purchasable","13":"product-type-simple"},"_links":{"self":[{"href":"https:\/\/institutopaolini.mx\/index.php\/wp-json\/wp\/v2\/product\/55327","targetHints":{"allow":["GET"]}}],"collection":[{"href":"https:\/\/institutopaolini.mx\/index.php\/wp-json\/wp\/v2\/product"}],"about":[{"href":"https:\/\/institutopaolini.mx\/index.php\/wp-json\/wp\/v2\/types\/product"}],"replies":[{"embeddable":true,"href":"https:\/\/institutopaolini.mx\/index.php\/wp-json\/wp\/v2\/comments?post=55327"}],"version-history":[{"count":1,"href":"https:\/\/institutopaolini.mx\/index.php\/wp-json\/wp\/v2\/product\/55327\/revisions"}],"predecessor-version":[{"id":55329,"href":"https:\/\/institutopaolini.mx\/index.php\/wp-json\/wp\/v2\/product\/55327\/revisions\/55329"}],"wp:featuredmedia":[{"embeddable":true,"href":"https:\/\/institutopaolini.mx\/index.php\/wp-json\/wp\/v2\/media\/55328"}],"wp:attachment":[{"href":"https:\/\/institutopaolini.mx\/index.php\/wp-json\/wp\/v2\/media?parent=55327"}],"wp:term":[{"taxonomy":"product_brand","embeddable":true,"href":"https:\/\/institutopaolini.mx\/index.php\/wp-json\/wp\/v2\/product_brand?post=55327"},{"taxonomy":"product_cat","embeddable":true,"href":"https:\/\/institutopaolini.mx\/index.php\/wp-json\/wp\/v2\/product_cat?post=55327"},{"taxonomy":"product_tag","embeddable":true,"href":"https:\/\/institutopaolini.mx\/index.php\/wp-json\/wp\/v2\/product_tag?post=55327"}],"curies":[{"name":"wp","href":"https:\/\/api.w.org\/{rel}","templated":true}]}}