{"id":55269,"date":"2025-09-14T19:40:31","date_gmt":"2025-09-14T19:40:31","guid":{"rendered":"https:\/\/paolini.envasesmegaplastic.com\/?post_type=product&#038;p=55269"},"modified":"2025-09-14T19:42:33","modified_gmt":"2025-09-14T19:42:33","slug":"pinzas-metalicas-o-codificadas","status":"publish","type":"product","link":"https:\/\/institutopaolini.mx\/index.php\/product\/pinzas-metalicas-o-codificadas\/","title":{"rendered":"Pinzas met\u00e1licas o codificadas"},"content":{"rendered":"","protected":false},"excerpt":{"rendered":"<p>Pinzas met\u00e1licas peque\u00f1as<\/p>\n","protected":false},"featured_media":55270,"comment_status":"open","ping_status":"closed","template":"","meta":[],"product_brand":[],"product_cat":[314],"product_tag":[176],"class_list":{"0":"post-55269","1":"product","2":"type-product","3":"status-publish","4":"has-post-thumbnail","6":"product_cat-casa-de-los-ninos","7":"product_tag-streetwear","9":"first","10":"instock","11":"shipping-taxable","12":"purchasable","13":"product-type-simple"},"_links":{"self":[{"href":"https:\/\/institutopaolini.mx\/index.php\/wp-json\/wp\/v2\/product\/55269","targetHints":{"allow":["GET"]}}],"collection":[{"href":"https:\/\/institutopaolini.mx\/index.php\/wp-json\/wp\/v2\/product"}],"about":[{"href":"https:\/\/institutopaolini.mx\/index.php\/wp-json\/wp\/v2\/types\/product"}],"replies":[{"embeddable":true,"href":"https:\/\/institutopaolini.mx\/index.php\/wp-json\/wp\/v2\/comments?post=55269"}],"version-history":[{"count":1,"href":"https:\/\/institutopaolini.mx\/index.php\/wp-json\/wp\/v2\/product\/55269\/revisions"}],"predecessor-version":[{"id":55271,"href":"https:\/\/institutopaolini.mx\/index.php\/wp-json\/wp\/v2\/product\/55269\/revisions\/55271"}],"wp:featuredmedia":[{"embeddable":true,"href":"https:\/\/institutopaolini.mx\/index.php\/wp-json\/wp\/v2\/media\/55270"}],"wp:attachment":[{"href":"https:\/\/institutopaolini.mx\/index.php\/wp-json\/wp\/v2\/media?parent=55269"}],"wp:term":[{"taxonomy":"product_brand","embeddable":true,"href":"https:\/\/institutopaolini.mx\/index.php\/wp-json\/wp\/v2\/product_brand?post=55269"},{"taxonomy":"product_cat","embeddable":true,"href":"https:\/\/institutopaolini.mx\/index.php\/wp-json\/wp\/v2\/product_cat?post=55269"},{"taxonomy":"product_tag","embeddable":true,"href":"https:\/\/institutopaolini.mx\/index.php\/wp-json\/wp\/v2\/product_tag?post=55269"}],"curies":[{"name":"wp","href":"https:\/\/api.w.org\/{rel}","templated":true}]}}