{"id":55157,"date":"2025-09-12T04:12:46","date_gmt":"2025-09-12T04:12:46","guid":{"rendered":"https:\/\/paolini.envasesmegaplastic.com\/?page_id=55157"},"modified":"2025-10-10T18:09:31","modified_gmt":"2025-10-10T18:09:31","slug":"aggiornamento","status":"publish","type":"page","link":"https:\/\/institutopaolini.mx\/index.php\/aggiornamento\/","title":{"rendered":"Aggiornamento"},"content":{"rendered":"\t\t<div data-elementor-type=\"wp-page\" data-elementor-id=\"55157\" class=\"elementor elementor-55157\" data-elementor-post-type=\"page\">\n\t\t\t\t<div class=\"elementor-element elementor-element-50abba9 elementor-hidden-desktop e-flex e-con-boxed e-con e-parent\" data-id=\"50abba9\" data-element_type=\"container\" data-e-type=\"container\">\n\t\t\t\t\t<div class=\"e-con-inner\">\n\t\t<div class=\"elementor-element elementor-element-94398f8 e-con-full e-flex e-con e-child\" data-id=\"94398f8\" data-element_type=\"container\" data-e-type=\"container\">\n\t\t\t\t<div class=\"elementor-element elementor-element-d288402 elementor-widget elementor-widget-image\" data-id=\"d288402\" data-element_type=\"widget\" data-e-type=\"widget\" data-widget_type=\"image.default\">\n\t\t\t\t\t\t\t\t\t\t\t\t\t\t\t<img fetchpriority=\"high\" decoding=\"async\" width=\"320\" height=\"320\" src=\"https:\/\/institutopaolini.mx\/wp-content\/uploads\/2025\/09\/Imagen-31.png\" class=\"attachment-large size-large wp-image-54854\" alt=\"\" srcset=\"https:\/\/institutopaolini.mx\/wp-content\/uploads\/2025\/09\/Imagen-31.png 320w, https:\/\/institutopaolini.mx\/wp-content\/uploads\/2025\/09\/Imagen-31-200x200.png 200w, https:\/\/institutopaolini.mx\/wp-content\/uploads\/2025\/09\/Imagen-31-300x300.png 300w, https:\/\/institutopaolini.mx\/wp-content\/uploads\/2025\/09\/Imagen-31-150x150.png 150w\" sizes=\"(max-width: 320px) 100vw, 320px\" \/>\t\t\t\t\t\t\t\t\t\t\t\t\t\t\t<\/div>\n\t\t\t\t<\/div>\n\t\t\t\t\t<\/div>\n\t\t\t\t<\/div>\n\t\t<div class=\"elementor-element elementor-element-3f43c76 elementor-hidden-tablet elementor-hidden-mobile e-flex e-con-boxed e-con e-parent\" data-id=\"3f43c76\" data-element_type=\"container\" data-e-type=\"container\">\n\t\t\t\t\t<div class=\"e-con-inner\">\n\t\t<div class=\"elementor-element elementor-element-f0883ac e-con-full e-flex e-con e-child\" data-id=\"f0883ac\" data-element_type=\"container\" data-e-type=\"container\">\n\t\t\t\t<div class=\"elementor-element elementor-element-55f5bb3 elementor-widget elementor-widget-image\" data-id=\"55f5bb3\" data-element_type=\"widget\" data-e-type=\"widget\" data-widget_type=\"image.default\">\n\t\t\t\t\t\t\t\t\t\t\t\t\t\t\t<img fetchpriority=\"high\" decoding=\"async\" width=\"320\" height=\"320\" src=\"https:\/\/institutopaolini.mx\/wp-content\/uploads\/2025\/09\/Imagen-31.png\" class=\"attachment-large size-large wp-image-54854\" alt=\"\" srcset=\"https:\/\/institutopaolini.mx\/wp-content\/uploads\/2025\/09\/Imagen-31.png 320w, https:\/\/institutopaolini.mx\/wp-content\/uploads\/2025\/09\/Imagen-31-200x200.png 200w, https:\/\/institutopaolini.mx\/wp-content\/uploads\/2025\/09\/Imagen-31-300x300.png 300w, https:\/\/institutopaolini.mx\/wp-content\/uploads\/2025\/09\/Imagen-31-150x150.png 150w\" sizes=\"(max-width: 320px) 100vw, 320px\" \/>\t\t\t\t\t\t\t\t\t\t\t\t\t\t\t<\/div>\n\t\t\t\t<\/div>\n\t\t\t\t\t<\/div>\n\t\t\t\t<\/div>\n\t\t<div class=\"elementor-element elementor-element-97139a8 elementor-hidden-desktop e-flex e-con-boxed e-con e-parent\" data-id=\"97139a8\" data-element_type=\"container\" data-e-type=\"container\">\n\t\t\t\t\t<div class=\"e-con-inner\">\n\t\t<div class=\"elementor-element elementor-element-d93cfeb e-con-full e-flex e-con e-child\" data-id=\"d93cfeb\" data-element_type=\"container\" data-e-type=\"container\">\n\t\t\t\t<div class=\"elementor-element elementor-element-36bc4a9 elementor-widget elementor-widget-text-editor\" data-id=\"36bc4a9\" data-element_type=\"widget\" data-e-type=\"widget\" data-widget_type=\"text-editor.default\">\n\t\t\t\t\t\t\t\t\t<p>TALLER<\/p>\t\t\t\t\t\t\t\t<\/div>\n\t\t\t\t<div class=\"elementor-element elementor-element-26df659 elementor-widget elementor-widget-heading\" data-id=\"26df659\" data-element_type=\"widget\" data-e-type=\"widget\" data-widget_type=\"heading.default\">\n\t\t\t\t\t<h2 class=\"elementor-heading-title elementor-size-default\">Aggiornamento<\/h2>\t\t\t\t<\/div>\n\t\t\t\t<div class=\"elementor-element elementor-element-0a562a3 elementor-widget elementor-widget-text-editor\" data-id=\"0a562a3\" data-element_type=\"widget\" data-e-type=\"widget\" data-widget_type=\"text-editor.default\">\n\t\t\t\t\t\t\t\t\t<p><span class=\"notion-enable-hover\" data-token-index=\"0\">El Ingl\u00e9s en el Ambiente Montessori<\/span><!-- notionvc: dd8d0858-ad54-4b1c-ad24-1db4f52d178c --><\/p>\t\t\t\t\t\t\t\t<\/div>\n\t\t\t\t<div class=\"elementor-element elementor-element-ded30fe elementor-widget elementor-widget-text-editor\" data-id=\"ded30fe\" data-element_type=\"widget\" data-e-type=\"widget\" data-widget_type=\"text-editor.default\">\n\t\t\t\t\t\t\t\t\t<p>$2,040 MXN<\/p>\t\t\t\t\t\t\t\t<\/div>\n\t\t\t\t<\/div>\n\t\t\t\t\t<\/div>\n\t\t\t\t<\/div>\n\t\t<div class=\"elementor-element elementor-element-43aa6e3 elementor-hidden-tablet elementor-hidden-mobile e-flex e-con-boxed e-con e-parent\" data-id=\"43aa6e3\" data-element_type=\"container\" data-e-type=\"container\">\n\t\t\t\t\t<div class=\"e-con-inner\">\n\t\t<div class=\"elementor-element elementor-element-5b43282 e-con-full e-flex e-con e-child\" data-id=\"5b43282\" data-element_type=\"container\" data-e-type=\"container\">\n\t\t\t\t<div class=\"elementor-element elementor-element-531d689 elementor-widget elementor-widget-text-editor\" data-id=\"531d689\" data-element_type=\"widget\" data-e-type=\"widget\" data-widget_type=\"text-editor.default\">\n\t\t\t\t\t\t\t\t\t<p>TALLER<\/p>\t\t\t\t\t\t\t\t<\/div>\n\t\t\t\t<div class=\"elementor-element elementor-element-4968408 elementor-widget elementor-widget-heading\" data-id=\"4968408\" data-element_type=\"widget\" data-e-type=\"widget\" data-widget_type=\"heading.default\">\n\t\t\t\t\t<h2 class=\"elementor-heading-title elementor-size-default\">Aggiornamento<\/h2>\t\t\t\t<\/div>\n\t\t\t\t<div class=\"elementor-element elementor-element-57e4049 elementor-widget elementor-widget-text-editor\" data-id=\"57e4049\" data-element_type=\"widget\" data-e-type=\"widget\" data-widget_type=\"text-editor.default\">\n\t\t\t\t\t\t\t\t\t<p><span class=\"notion-enable-hover\" data-token-index=\"0\">El Ingl\u00e9s en el Ambiente Montessori<\/span><!-- notionvc: dd8d0858-ad54-4b1c-ad24-1db4f52d178c --><\/p>\t\t\t\t\t\t\t\t<\/div>\n\t\t\t\t<\/div>\n\t\t\t\t\t<\/div>\n\t\t\t\t<\/div>\n\t\t<div class=\"elementor-element elementor-element-0d819e7 elementor-hidden-tablet elementor-hidden-mobile e-flex e-con-boxed e-con e-parent\" data-id=\"0d819e7\" data-element_type=\"container\" data-e-type=\"container\">\n\t\t\t\t\t<div class=\"e-con-inner\">\n\t\t<div class=\"elementor-element elementor-element-954a539 e-con-full e-flex e-con e-child\" data-id=\"954a539\" data-element_type=\"container\" data-e-type=\"container\">\n\t\t\t\t<div class=\"elementor-element elementor-element-05a9db3 elementor-widget elementor-widget-image\" data-id=\"05a9db3\" data-element_type=\"widget\" data-e-type=\"widget\" data-widget_type=\"image.default\">\n\t\t\t\t\t\t\t\t\t\t\t\t\t\t\t<img decoding=\"async\" width=\"102\" height=\"102\" src=\"https:\/\/institutopaolini.mx\/wp-content\/uploads\/2025\/09\/Grupo-1108.png\" class=\"attachment-large size-large wp-image-54928\" alt=\"\" \/>\t\t\t\t\t\t\t\t\t\t\t\t\t\t\t<\/div>\n\t\t\t\t<\/div>\n\t\t<div class=\"elementor-element elementor-element-e1e36ce e-con-full e-flex e-con e-child\" data-id=\"e1e36ce\" data-element_type=\"container\" data-e-type=\"container\">\n\t\t\t\t<div class=\"elementor-element elementor-element-24beaf8 elementor-widget elementor-widget-text-editor\" data-id=\"24beaf8\" data-element_type=\"widget\" data-e-type=\"widget\" data-widget_type=\"text-editor.default\">\n\t\t\t\t\t\t\t\t\t<p>Imparte<\/p>\t\t\t\t\t\t\t\t<\/div>\n\t\t\t\t<div class=\"elementor-element elementor-element-6002034 elementor-widget elementor-widget-text-editor\" data-id=\"6002034\" data-element_type=\"widget\" data-e-type=\"widget\" data-widget_type=\"text-editor.default\">\n\t\t\t\t\t\t\t\t\t<p>\u00a0Ann Velasco<\/p>\t\t\t\t\t\t\t\t<\/div>\n\t\t\t\t<\/div>\n\t\t<div class=\"elementor-element elementor-element-f1dae56 e-con-full e-flex e-con e-child\" data-id=\"f1dae56\" data-element_type=\"container\" data-e-type=\"container\">\n\t\t\t\t<div class=\"elementor-element elementor-element-01ad872 elementor-widget elementor-widget-image\" data-id=\"01ad872\" data-element_type=\"widget\" data-e-type=\"widget\" data-widget_type=\"image.default\">\n\t\t\t\t\t\t\t\t\t\t\t\t\t\t\t<img decoding=\"async\" width=\"102\" height=\"102\" src=\"https:\/\/institutopaolini.mx\/wp-content\/uploads\/2025\/09\/Grupo-1109.png\" class=\"attachment-large size-large wp-image-54929\" alt=\"\" \/>\t\t\t\t\t\t\t\t\t\t\t\t\t\t\t<\/div>\n\t\t\t\t<\/div>\n\t\t<div class=\"elementor-element elementor-element-993034d e-con-full e-flex e-con e-child\" data-id=\"993034d\" data-element_type=\"container\" data-e-type=\"container\">\n\t\t\t\t<div class=\"elementor-element elementor-element-fbdc58c elementor-widget elementor-widget-text-editor\" data-id=\"fbdc58c\" data-element_type=\"widget\" data-e-type=\"widget\" data-widget_type=\"text-editor.default\">\n\t\t\t\t\t\t\t\t\t<p>Inicio<\/p>\t\t\t\t\t\t\t\t<\/div>\n\t\t\t\t<div class=\"elementor-element elementor-element-25f6488 elementor-widget elementor-widget-text-editor\" data-id=\"25f6488\" data-element_type=\"widget\" data-e-type=\"widget\" data-widget_type=\"text-editor.default\">\n\t\t\t\t\t\t\t\t\t<p>18 de julio 2025<\/p>\t\t\t\t\t\t\t\t<\/div>\n\t\t\t\t<\/div>\n\t\t<div class=\"elementor-element elementor-element-254211f e-con-full e-flex e-con e-child\" data-id=\"254211f\" data-element_type=\"container\" data-e-type=\"container\">\n\t\t\t\t<div class=\"elementor-element elementor-element-f1d23c7 elementor-widget elementor-widget-image\" data-id=\"f1d23c7\" data-element_type=\"widget\" data-e-type=\"widget\" data-widget_type=\"image.default\">\n\t\t\t\t\t\t\t\t\t\t\t\t\t\t\t<img loading=\"lazy\" decoding=\"async\" width=\"102\" height=\"102\" src=\"https:\/\/institutopaolini.mx\/wp-content\/uploads\/2025\/09\/Grupo-1110.png\" class=\"attachment-large size-large wp-image-54930\" alt=\"\" \/>\t\t\t\t\t\t\t\t\t\t\t\t\t\t\t<\/div>\n\t\t\t\t<\/div>\n\t\t<div class=\"elementor-element elementor-element-3bbe63b e-con-full e-flex e-con e-child\" data-id=\"3bbe63b\" data-element_type=\"container\" data-e-type=\"container\">\n\t\t\t\t<div class=\"elementor-element elementor-element-91a568b elementor-widget elementor-widget-text-editor\" data-id=\"91a568b\" data-element_type=\"widget\" data-e-type=\"widget\" data-widget_type=\"text-editor.default\">\n\t\t\t\t\t\t\t\t\t<p>Finaliza<\/p>\t\t\t\t\t\t\t\t<\/div>\n\t\t\t\t<div class=\"elementor-element elementor-element-cc81c0c elementor-widget elementor-widget-text-editor\" data-id=\"cc81c0c\" data-element_type=\"widget\" data-e-type=\"widget\" data-widget_type=\"text-editor.default\">\n\t\t\t\t\t\t\t\t\t<p>19 de julio 2025<\/p>\t\t\t\t\t\t\t\t<\/div>\n\t\t\t\t<\/div>\n\t\t\t\t\t<\/div>\n\t\t\t\t<\/div>\n\t\t<div class=\"elementor-element elementor-element-7c5bf29 elementor-hidden-desktop e-flex e-con-boxed e-con e-parent\" data-id=\"7c5bf29\" data-element_type=\"container\" data-e-type=\"container\">\n\t\t\t\t\t<div class=\"e-con-inner\">\n\t\t<div class=\"elementor-element elementor-element-dc59601 e-con-full e-flex e-con e-child\" data-id=\"dc59601\" data-element_type=\"container\" data-e-type=\"container\">\n\t\t\t\t<div class=\"elementor-element elementor-element-c80a96d elementor-widget elementor-widget-image\" data-id=\"c80a96d\" data-element_type=\"widget\" data-e-type=\"widget\" data-widget_type=\"image.default\">\n\t\t\t\t\t\t\t\t\t\t\t\t\t\t\t<img decoding=\"async\" width=\"102\" height=\"102\" src=\"https:\/\/institutopaolini.mx\/wp-content\/uploads\/2025\/09\/Grupo-1108.png\" class=\"attachment-large size-large wp-image-54928\" alt=\"\" \/>\t\t\t\t\t\t\t\t\t\t\t\t\t\t\t<\/div>\n\t\t\t\t<\/div>\n\t\t<div class=\"elementor-element elementor-element-22dc8c6 e-con-full e-flex e-con e-child\" data-id=\"22dc8c6\" data-element_type=\"container\" data-e-type=\"container\">\n\t\t\t\t<div class=\"elementor-element elementor-element-7e3ded2 elementor-widget elementor-widget-text-editor\" data-id=\"7e3ded2\" data-element_type=\"widget\" data-e-type=\"widget\" data-widget_type=\"text-editor.default\">\n\t\t\t\t\t\t\t\t\t<p>Imparte<\/p>\t\t\t\t\t\t\t\t<\/div>\n\t\t\t\t<div class=\"elementor-element elementor-element-7bed6bd elementor-widget elementor-widget-text-editor\" data-id=\"7bed6bd\" data-element_type=\"widget\" data-e-type=\"widget\" data-widget_type=\"text-editor.default\">\n\t\t\t\t\t\t\t\t\t<p>\u00a0Ann Velasco<\/p>\t\t\t\t\t\t\t\t<\/div>\n\t\t\t\t<\/div>\n\t\t<div class=\"elementor-element elementor-element-7bff65b e-con-full e-flex e-con e-child\" data-id=\"7bff65b\" data-element_type=\"container\" data-e-type=\"container\">\n\t\t\t\t<div class=\"elementor-element elementor-element-0dd0321 elementor-widget elementor-widget-image\" data-id=\"0dd0321\" data-element_type=\"widget\" data-e-type=\"widget\" data-widget_type=\"image.default\">\n\t\t\t\t\t\t\t\t\t\t\t\t\t\t\t<img decoding=\"async\" width=\"102\" height=\"102\" src=\"https:\/\/institutopaolini.mx\/wp-content\/uploads\/2025\/09\/Grupo-1109.png\" class=\"attachment-large size-large wp-image-54929\" alt=\"\" \/>\t\t\t\t\t\t\t\t\t\t\t\t\t\t\t<\/div>\n\t\t\t\t<\/div>\n\t\t<div class=\"elementor-element elementor-element-cb6d377 e-con-full e-flex e-con e-child\" data-id=\"cb6d377\" data-element_type=\"container\" data-e-type=\"container\">\n\t\t\t\t<div class=\"elementor-element elementor-element-ce4ae41 elementor-widget elementor-widget-text-editor\" data-id=\"ce4ae41\" data-element_type=\"widget\" data-e-type=\"widget\" data-widget_type=\"text-editor.default\">\n\t\t\t\t\t\t\t\t\t<p>Inicio<\/p>\t\t\t\t\t\t\t\t<\/div>\n\t\t\t\t<div class=\"elementor-element elementor-element-280ea65 elementor-widget elementor-widget-text-editor\" data-id=\"280ea65\" data-element_type=\"widget\" data-e-type=\"widget\" data-widget_type=\"text-editor.default\">\n\t\t\t\t\t\t\t\t\t<p>18 de julio 2025<\/p>\t\t\t\t\t\t\t\t<\/div>\n\t\t\t\t<\/div>\n\t\t<div class=\"elementor-element elementor-element-800e48c e-con-full e-flex e-con e-child\" data-id=\"800e48c\" data-element_type=\"container\" data-e-type=\"container\">\n\t\t\t\t<div class=\"elementor-element elementor-element-b3a7903 elementor-widget elementor-widget-image\" data-id=\"b3a7903\" data-element_type=\"widget\" data-e-type=\"widget\" data-widget_type=\"image.default\">\n\t\t\t\t\t\t\t\t\t\t\t\t\t\t\t<img loading=\"lazy\" decoding=\"async\" width=\"102\" height=\"102\" src=\"https:\/\/institutopaolini.mx\/wp-content\/uploads\/2025\/09\/Grupo-1110.png\" class=\"attachment-large size-large wp-image-54930\" alt=\"\" \/>\t\t\t\t\t\t\t\t\t\t\t\t\t\t\t<\/div>\n\t\t\t\t<\/div>\n\t\t<div class=\"elementor-element elementor-element-5c3ee0d e-con-full e-flex e-con e-child\" data-id=\"5c3ee0d\" data-element_type=\"container\" data-e-type=\"container\">\n\t\t\t\t<div class=\"elementor-element elementor-element-a88e9c8 elementor-widget elementor-widget-text-editor\" data-id=\"a88e9c8\" data-element_type=\"widget\" data-e-type=\"widget\" data-widget_type=\"text-editor.default\">\n\t\t\t\t\t\t\t\t\t<p>Finaliza<\/p>\t\t\t\t\t\t\t\t<\/div>\n\t\t\t\t<div class=\"elementor-element elementor-element-7965271 elementor-widget elementor-widget-text-editor\" data-id=\"7965271\" data-element_type=\"widget\" data-e-type=\"widget\" data-widget_type=\"text-editor.default\">\n\t\t\t\t\t\t\t\t\t<p>19 de julio 2025<\/p>\t\t\t\t\t\t\t\t<\/div>\n\t\t\t\t<\/div>\n\t\t\t\t\t<\/div>\n\t\t\t\t<\/div>\n\t\t<div class=\"elementor-element elementor-element-56d37b6 e-flex e-con-boxed e-con e-parent\" data-id=\"56d37b6\" data-element_type=\"container\" data-e-type=\"container\">\n\t\t\t\t\t<div class=\"e-con-inner\">\n\t\t<div class=\"elementor-element elementor-element-1e5fd5a e-con-full e-flex e-con e-child\" data-id=\"1e5fd5a\" data-element_type=\"container\" data-e-type=\"container\">\n\t\t\t\t<div class=\"elementor-element elementor-element-0bef768 elementor-widget elementor-widget-heading\" data-id=\"0bef768\" data-element_type=\"widget\" data-e-type=\"widget\" data-widget_type=\"heading.default\">\n\t\t\t\t\t<h2 class=\"elementor-heading-title elementor-size-default\">Horarios:<\/h2>\t\t\t\t<\/div>\n\t\t\t\t<div class=\"elementor-element elementor-element-b9311f5 elementor-widget elementor-widget-text-editor\" data-id=\"b9311f5\" data-element_type=\"widget\" data-e-type=\"widget\" data-widget_type=\"text-editor.default\">\n\t\t\t\t\t\t\t\t\t<p>09:00 a 12:00 hrs. (Hora Central M\u00e9xico)<\/p>\t\t\t\t\t\t\t\t<\/div>\n\t\t\t\t<div class=\"elementor-element elementor-element-8fc33e7 elementor-widget elementor-widget-spacer\" data-id=\"8fc33e7\" data-element_type=\"widget\" data-e-type=\"widget\" data-widget_type=\"spacer.default\">\n\t\t\t\t\t\t\t<div class=\"elementor-spacer\">\n\t\t\t<div class=\"elementor-spacer-inner\"><\/div>\n\t\t<\/div>\n\t\t\t\t\t\t<\/div>\n\t\t\t\t<div class=\"elementor-element elementor-element-f4187b8 elementor-widget elementor-widget-heading\" data-id=\"f4187b8\" data-element_type=\"widget\" data-e-type=\"widget\" data-widget_type=\"heading.default\">\n\t\t\t\t\t<h2 class=\"elementor-heading-title elementor-size-default\">Objetivo:<\/h2>\t\t\t\t<\/div>\n\t\t\t\t<div class=\"elementor-element elementor-element-b2ebf39 elementor-widget elementor-widget-text-editor\" data-id=\"b2ebf39\" data-element_type=\"widget\" data-e-type=\"widget\" data-widget_type=\"text-editor.default\">\n\t\t\t\t\t\t\t\t\t<p><span class=\"notion-enable-hover\" data-token-index=\"0\">El <\/span><span class=\"notion-enable-hover\" data-token-index=\"1\">Curso de Aggiornamento Montessori<\/span><span class=\"notion-enable-hover\" data-token-index=\"2\"> es una excelente oportunidad para el <\/span><span class=\"notion-enable-hover\" data-token-index=\"3\">desarrollo profesional continuo<\/span><span class=\"notion-enable-hover\" data-token-index=\"4\">, permitiendo a los educadores profundizar en un tema espec\u00edfico dentro de las \u00e1reas Montessori. Con una duraci\u00f3n aproximada de <\/span><span class=\"notion-enable-hover\" data-token-index=\"5\">10 horas<\/span><span class=\"notion-enable-hover\" data-token-index=\"6\">, este curso est\u00e1 dise\u00f1ado para fortalecer habilidades, conocimientos y t\u00e9cnicas esenciales en la pr\u00e1ctica educativa.<\/span><!-- notionvc: 4842bd79-d747-4113-be65-483fb70c91ee --><\/p>\t\t\t\t\t\t\t\t<\/div>\n\t\t\t\t<div class=\"elementor-element elementor-element-a57b0fc elementor-widget elementor-widget-spacer\" data-id=\"a57b0fc\" data-element_type=\"widget\" data-e-type=\"widget\" data-widget_type=\"spacer.default\">\n\t\t\t\t\t\t\t<div class=\"elementor-spacer\">\n\t\t\t<div class=\"elementor-spacer-inner\"><\/div>\n\t\t<\/div>\n\t\t\t\t\t\t<\/div>\n\t\t\t\t<div class=\"elementor-element elementor-element-271c946 elementor-widget elementor-widget-heading\" data-id=\"271c946\" data-element_type=\"widget\" data-e-type=\"widget\" data-widget_type=\"heading.default\">\n\t\t\t\t\t<h2 class=\"elementor-heading-title elementor-size-default\">Prop\u00f3sitos del curso<\/h2>\t\t\t\t<\/div>\n\t\t\t\t<div class=\"elementor-element elementor-element-a658284 elementor-widget elementor-widget-text-editor\" data-id=\"a658284\" data-element_type=\"widget\" data-e-type=\"widget\" data-widget_type=\"text-editor.default\">\n\t\t\t\t\t\t\t\t\t<ul><li><strong>Especializaci\u00f3n en \u00e1reas Montessori<\/strong>: Cada sesi\u00f3n aborda un aspecto clave del m\u00e9todo Montessori, asegurando una comprensi\u00f3n profunda y aplicada.<\/li><li><strong>Crecimiento personal y profesional<\/strong>: Se fomenta la mejora individual y la exploraci\u00f3n de nuevas oportunidades en el \u00e1mbito educativo.<\/li><li><strong>Revisi\u00f3n de t\u00e9cnicas y principios filos\u00f3ficos<\/strong>: Dirigido por <strong>especialistas Montessori<\/strong>, el curso permite actualizar conocimientos y perfeccionar la pr\u00e1ctica docente.<\/li><li><strong>Calidad en la educaci\u00f3n infantil<\/strong>: Se busca mantener una ense\u00f1anza alineada con los principios Montessori, favoreciendo el desarrollo integral de los ni\u00f1os.<\/li><\/ul><p>Este curso es ideal para <strong>gu\u00edas Montessori, docentes, padres y profesionales del desarrollo infantil<\/strong> que desean mantenerse actualizados y mejorar su impacto educativo.<\/p><p>La <strong>educaci\u00f3n continua<\/strong> en el \u00e1rea Montessori es fundamental para mantener una pr\u00e1ctica educativa de calidad y alineada con los principios originales de Mar\u00eda Montessori. Aunque el m\u00e9todo tiene m\u00e1s de un siglo de historia, sigue siendo <strong>innovador y relevante<\/strong>, especialmente cuando se compara con nuestras propias experiencias educativas ocasionalmente tradicionales.<\/p><p><!-- notionvc: 38da8832-6b00-4043-95f5-a74952132a10 --><\/p>\t\t\t\t\t\t\t\t<\/div>\n\t\t\t\t<div class=\"elementor-element elementor-element-85e3400 elementor-widget elementor-widget-spacer\" data-id=\"85e3400\" data-element_type=\"widget\" data-e-type=\"widget\" data-widget_type=\"spacer.default\">\n\t\t\t\t\t\t\t<div class=\"elementor-spacer\">\n\t\t\t<div class=\"elementor-spacer-inner\"><\/div>\n\t\t<\/div>\n\t\t\t\t\t\t<\/div>\n\t\t\t\t<div class=\"elementor-element elementor-element-7c89b0b elementor-widget elementor-widget-heading\" data-id=\"7c89b0b\" data-element_type=\"widget\" data-e-type=\"widget\" data-widget_type=\"heading.default\">\n\t\t\t\t\t<h2 class=\"elementor-heading-title elementor-size-default\">Importancia de la Educaci\u00f3n Continua en Montessori<\/h2>\t\t\t\t<\/div>\n\t\t\t\t<div class=\"elementor-element elementor-element-81d208f elementor-widget elementor-widget-text-editor\" data-id=\"81d208f\" data-element_type=\"widget\" data-e-type=\"widget\" data-widget_type=\"text-editor.default\">\n\t\t\t\t\t\t\t\t\t<ol><li><strong>Adaptaci\u00f3n a nuevos contextos<\/strong>: La pedagog\u00eda Montessori ha evolucionado para responder a los desaf\u00edos actuales, integrando hallazgos de la neurociencia y nuevas estrategias educativas.<\/li><li><strong>Renovaci\u00f3n de la pr\u00e1ctica docente<\/strong>: La formaci\u00f3n continua permite a los educadores revisar y perfeccionar sus t\u00e9cnicas, asegurando que su ense\u00f1anza se mantenga fiel a los principios Montessori.<\/li><li><strong>Profundizaci\u00f3n en los principios Montessori<\/strong>: Cursos como el <strong>Aggiornamento Montessori<\/strong> ofrecen oportunidades para explorar temas espec\u00edficos y mejorar la aplicaci\u00f3n de la metodolog\u00eda en el aula.<\/li><li><strong>Impacto en el desarrollo infantil<\/strong>: La actualizaci\u00f3n constante garantiza que los ni\u00f1os reciban una educaci\u00f3n basada en los \u00faltimos avances en pedagog\u00eda y desarrollo humano.<\/li><\/ol><p>La educaci\u00f3n Montessori no es est\u00e1tica; requiere una <strong>reflexi\u00f3n constante<\/strong> sobre nuestras propias experiencias educativas y la necesidad de renovar nuestras consideraciones pedag\u00f3gicas<\/p><p><!-- notionvc: f8405174-25f5-4d12-8c65-167e076f3fe0 --><\/p><p><!-- notionvc: d23ad729-7254-4bfa-a646-ddfeb517a492 --><\/p>\t\t\t\t\t\t\t\t<\/div>\n\t\t\t\t<div class=\"elementor-element elementor-element-b4b53a9 elementor-widget elementor-widget-spacer\" data-id=\"b4b53a9\" data-element_type=\"widget\" data-e-type=\"widget\" data-widget_type=\"spacer.default\">\n\t\t\t\t\t\t\t<div class=\"elementor-spacer\">\n\t\t\t<div class=\"elementor-spacer-inner\"><\/div>\n\t\t<\/div>\n\t\t\t\t\t\t<\/div>\n\t\t\t\t<div class=\"elementor-element elementor-element-3e58881 elementor-widget elementor-widget-button\" data-id=\"3e58881\" data-element_type=\"widget\" data-e-type=\"widget\" data-widget_type=\"button.default\">\n\t\t\t\t\t\t\t\t\t\t<a class=\"elementor-button elementor-button-link elementor-size-sm\" href=\"https:\/\/institutopaolini.mx\/index.php\/registro-compra-curso\/\">\n\t\t\t\t\t\t<span class=\"elementor-button-content-wrapper\">\n\t\t\t\t\t\t\t\t\t<span class=\"elementor-button-text\">Informes<\/span>\n\t\t\t\t\t<\/span>\n\t\t\t\t\t<\/a>\n\t\t\t\t\t\t\t\t<\/div>\n\t\t\t\t<\/div>\n\t\t<div class=\"elementor-element elementor-element-319b057 e-con-full e-flex e-con e-child\" data-id=\"319b057\" data-element_type=\"container\" data-e-type=\"container\">\n\t\t\t\t<\/div>\n\t\t\t\t\t<\/div>\n\t\t\t\t<\/div>\n\t\t\t\t<\/div>\n\t\t","protected":false},"excerpt":{"rendered":"<p>TALLER Aggiornamento El Ingl\u00e9s en el Ambiente Montessori $2,040 MXN TALLER Aggiornamento El Ingl\u00e9s en el Ambiente Montessori Imparte \u00a0Ann Velasco Inicio 18 de julio 2025 Finaliza 19 de julio 2025 Imparte \u00a0Ann Velasco Inicio 18 de julio 2025 Finaliza 19 de julio 2025 Horarios: 09:00 a 12:00 hrs. (Hora Central M\u00e9xico) Objetivo: El Curso&hellip;<\/p>\n","protected":false},"author":1,"featured_media":0,"parent":0,"menu_order":12,"comment_status":"closed","ping_status":"closed","template":"elementor_header_footer","meta":{"footnotes":""},"class_list":["post-55157","page","type-page","status-publish","hentry"],"_links":{"self":[{"href":"https:\/\/institutopaolini.mx\/index.php\/wp-json\/wp\/v2\/pages\/55157","targetHints":{"allow":["GET"]}}],"collection":[{"href":"https:\/\/institutopaolini.mx\/index.php\/wp-json\/wp\/v2\/pages"}],"about":[{"href":"https:\/\/institutopaolini.mx\/index.php\/wp-json\/wp\/v2\/types\/page"}],"author":[{"embeddable":true,"href":"https:\/\/institutopaolini.mx\/index.php\/wp-json\/wp\/v2\/users\/1"}],"replies":[{"embeddable":true,"href":"https:\/\/institutopaolini.mx\/index.php\/wp-json\/wp\/v2\/comments?post=55157"}],"version-history":[{"count":46,"href":"https:\/\/institutopaolini.mx\/index.php\/wp-json\/wp\/v2\/pages\/55157\/revisions"}],"predecessor-version":[{"id":55923,"href":"https:\/\/institutopaolini.mx\/index.php\/wp-json\/wp\/v2\/pages\/55157\/revisions\/55923"}],"wp:attachment":[{"href":"https:\/\/institutopaolini.mx\/index.php\/wp-json\/wp\/v2\/media?parent=55157"}],"curies":[{"name":"wp","href":"https:\/\/api.w.org\/{rel}","templated":true}]}}