{"id":54869,"date":"2025-09-05T05:18:11","date_gmt":"2025-09-05T05:18:11","guid":{"rendered":"https:\/\/paolini.envasesmegaplastic.com\/?page_id=54869"},"modified":"2025-12-20T17:35:48","modified_gmt":"2025-12-20T17:35:48","slug":"asesoria","status":"publish","type":"page","link":"https:\/\/institutopaolini.mx\/index.php\/asesoria\/","title":{"rendered":"Asesoria"},"content":{"rendered":"\t\t<div data-elementor-type=\"wp-page\" data-elementor-id=\"54869\" class=\"elementor elementor-54869\" data-elementor-post-type=\"page\">\n\t\t\t\t<div class=\"elementor-element elementor-element-e7b3e51 elementor-hidden-desktop e-flex e-con-boxed e-con e-parent\" data-id=\"e7b3e51\" data-element_type=\"container\" data-e-type=\"container\" data-settings=\"{&quot;background_background&quot;:&quot;classic&quot;}\">\n\t\t\t\t\t<div class=\"e-con-inner\">\n\t\t<div class=\"elementor-element elementor-element-f8b9ce5 e-con-full e-flex e-con e-child\" data-id=\"f8b9ce5\" data-element_type=\"container\" data-e-type=\"container\">\n\t\t\t\t<div class=\"elementor-element elementor-element-731a7b5 elementor-widget elementor-widget-heading\" data-id=\"731a7b5\" data-element_type=\"widget\" data-e-type=\"widget\" data-widget_type=\"heading.default\">\n\t\t\t\t\t<h2 class=\"elementor-heading-title elementor-size-default\">Asesor\u00edas<\/h2>\t\t\t\t<\/div>\n\t\t\t\t<\/div>\n\t\t\t\t\t<\/div>\n\t\t\t\t<\/div>\n\t\t<div class=\"elementor-element elementor-element-628a9aa elementor-hidden-tablet elementor-hidden-mobile e-flex e-con-boxed e-con e-parent\" data-id=\"628a9aa\" data-element_type=\"container\" data-e-type=\"container\" data-settings=\"{&quot;background_background&quot;:&quot;classic&quot;}\">\n\t\t\t\t\t<div class=\"e-con-inner\">\n\t\t<div class=\"elementor-element elementor-element-440b48f e-con-full e-flex e-con e-child\" data-id=\"440b48f\" data-element_type=\"container\" data-e-type=\"container\">\n\t\t\t\t<div class=\"elementor-element elementor-element-daf061f elementor-widget elementor-widget-heading\" data-id=\"daf061f\" data-element_type=\"widget\" data-e-type=\"widget\" data-widget_type=\"heading.default\">\n\t\t\t\t\t<h2 class=\"elementor-heading-title elementor-size-default\">Asesor\u00edas<\/h2>\t\t\t\t<\/div>\n\t\t\t\t<\/div>\n\t\t\t\t\t<\/div>\n\t\t\t\t<\/div>\n\t\t<div class=\"elementor-element elementor-element-164c442 elementor-hidden-desktop e-flex e-con-boxed e-con e-parent\" data-id=\"164c442\" data-element_type=\"container\" data-e-type=\"container\">\n\t\t\t\t\t<div class=\"e-con-inner\">\n\t\t<div class=\"elementor-element elementor-element-a3c9b3a e-con-full e-flex e-con e-child\" data-id=\"a3c9b3a\" data-element_type=\"container\" data-e-type=\"container\">\n\t\t\t\t<div class=\"elementor-element elementor-element-3d9a138 elementor-widget elementor-widget-image\" data-id=\"3d9a138\" data-element_type=\"widget\" data-e-type=\"widget\" data-widget_type=\"image.default\">\n\t\t\t\t\t\t\t\t\t\t\t\t\t\t\t<img fetchpriority=\"high\" decoding=\"async\" width=\"659\" height=\"502\" src=\"https:\/\/institutopaolini.mx\/wp-content\/uploads\/2025\/09\/Enmascarar-grupo-19.png\" class=\"attachment-large size-large wp-image-54871\" alt=\"\" srcset=\"https:\/\/institutopaolini.mx\/wp-content\/uploads\/2025\/09\/Enmascarar-grupo-19.png 659w, https:\/\/institutopaolini.mx\/wp-content\/uploads\/2025\/09\/Enmascarar-grupo-19-300x229.png 300w\" sizes=\"(max-width: 659px) 100vw, 659px\" \/>\t\t\t\t\t\t\t\t\t\t\t\t\t\t\t<\/div>\n\t\t\t\t<\/div>\n\t\t<div class=\"elementor-element elementor-element-7d8cfd9 e-con-full e-flex e-con e-child\" data-id=\"7d8cfd9\" data-element_type=\"container\" data-e-type=\"container\">\n\t\t\t\t<div class=\"elementor-element elementor-element-ecfc21d elementor-widget elementor-widget-heading\" data-id=\"ecfc21d\" data-element_type=\"widget\" data-e-type=\"widget\" data-widget_type=\"heading.default\">\n\t\t\t\t\t<h2 class=\"elementor-heading-title elementor-size-default\">Asesor\u00eda Montessori <br> en Desarrollo Humano<\/h2>\t\t\t\t<\/div>\n\t\t\t\t<div class=\"elementor-element elementor-element-9574a8b elementor-widget elementor-widget-text-editor\" data-id=\"9574a8b\" data-element_type=\"widget\" data-e-type=\"widget\" data-widget_type=\"text-editor.default\">\n\t\t\t\t\t\t\t\t\t<p>Ofrecemos asesor\u00edas especializadas para escuelas, hogares y personas interesadas en el enfoque Montessori, con el prop\u00f3sito de apoyar el desarrollo integral de ni\u00f1os y j\u00f3venes. A trav\u00e9s de este servicio, proporcionamos soluciones adaptadas para abordar situaciones especiales relacionadas con la conducta, el aprendizaje y el rendimiento escolar.<\/p><p>Nuestro enfoque se basa en los principios Montessori, promoviendo la comprensi\u00f3n profunda de las necesidades individuales de cada ni\u00f1o y la creaci\u00f3n de estrategias efectivas para fomentar su autonom\u00eda, bienestar y desarrollo. Las asesor\u00edas incluyen orientaci\u00f3n sobre la aplicaci\u00f3n del m\u00e9todo Montessori en distintos entornos, ayudando a educadores, familias y profesionales a generar espacios de aprendizaje que favorezcan la confianza, el respeto y el crecimiento personal.<\/p><p>Con la experiencia de nuestro grupo de especialistas, buscamos acompa\u00f1ar a quienes desean implementar este enfoque educativo de manera consciente, proporcionando herramientas y conocimientos que faciliten la resoluci\u00f3n de desaf\u00edos particulares en el desarrollo humano.<\/p>\t\t\t\t\t\t\t\t<\/div>\n\t\t\t\t<div class=\"elementor-element elementor-element-2fd8822 elementor-widget elementor-widget-button\" data-id=\"2fd8822\" data-element_type=\"widget\" data-e-type=\"widget\" data-widget_type=\"button.default\">\n\t\t\t\t\t\t\t\t\t\t<a class=\"elementor-button elementor-button-link elementor-size-sm\" href=\"http:\/\/wa.link\/av7fdi\">\n\t\t\t\t\t\t<span class=\"elementor-button-content-wrapper\">\n\t\t\t\t\t\t\t\t\t<span class=\"elementor-button-text\">Informes<\/span>\n\t\t\t\t\t<\/span>\n\t\t\t\t\t<\/a>\n\t\t\t\t\t\t\t\t<\/div>\n\t\t\t\t<\/div>\n\t\t\t\t\t<\/div>\n\t\t\t\t<\/div>\n\t\t<div class=\"elementor-element elementor-element-50d1e48 elementor-hidden-tablet elementor-hidden-mobile e-flex e-con-boxed e-con e-parent\" data-id=\"50d1e48\" data-element_type=\"container\" data-e-type=\"container\">\n\t\t\t\t\t<div class=\"e-con-inner\">\n\t\t<div class=\"elementor-element elementor-element-85942a3 e-con-full e-flex e-con e-child\" data-id=\"85942a3\" data-element_type=\"container\" data-e-type=\"container\">\n\t\t\t\t<div class=\"elementor-element elementor-element-b95360d elementor-widget elementor-widget-image\" data-id=\"b95360d\" data-element_type=\"widget\" data-e-type=\"widget\" data-widget_type=\"image.default\">\n\t\t\t\t\t\t\t\t\t\t\t\t\t\t\t<img fetchpriority=\"high\" decoding=\"async\" width=\"659\" height=\"502\" src=\"https:\/\/institutopaolini.mx\/wp-content\/uploads\/2025\/09\/Enmascarar-grupo-19.png\" class=\"attachment-large size-large wp-image-54871\" alt=\"\" srcset=\"https:\/\/institutopaolini.mx\/wp-content\/uploads\/2025\/09\/Enmascarar-grupo-19.png 659w, https:\/\/institutopaolini.mx\/wp-content\/uploads\/2025\/09\/Enmascarar-grupo-19-300x229.png 300w\" sizes=\"(max-width: 659px) 100vw, 659px\" \/>\t\t\t\t\t\t\t\t\t\t\t\t\t\t\t<\/div>\n\t\t\t\t<\/div>\n\t\t<div class=\"elementor-element elementor-element-c8af43e e-con-full e-flex e-con e-child\" data-id=\"c8af43e\" data-element_type=\"container\" data-e-type=\"container\">\n\t\t\t\t<div class=\"elementor-element elementor-element-ffbe5f1 elementor-widget elementor-widget-heading\" data-id=\"ffbe5f1\" data-element_type=\"widget\" data-e-type=\"widget\" data-widget_type=\"heading.default\">\n\t\t\t\t\t<h2 class=\"elementor-heading-title elementor-size-default\">Asesor\u00eda Montessori <br> en Desarrollo Humano<\/h2>\t\t\t\t<\/div>\n\t\t\t\t<div class=\"elementor-element elementor-element-d7024fc elementor-widget elementor-widget-text-editor\" data-id=\"d7024fc\" data-element_type=\"widget\" data-e-type=\"widget\" data-widget_type=\"text-editor.default\">\n\t\t\t\t\t\t\t\t\t<p>Ofrecemos asesor\u00edas especializadas para escuelas, hogares y personas interesadas en el enfoque Montessori, con el prop\u00f3sito de apoyar el desarrollo integral de ni\u00f1os y j\u00f3venes. A trav\u00e9s de este servicio, proporcionamos soluciones adaptadas para abordar situaciones especiales relacionadas con la conducta, el aprendizaje y el rendimiento escolar.<\/p>\n<p>Nuestro enfoque se basa en los principios Montessori, promoviendo la comprensi\u00f3n profunda de las necesidades individuales de cada ni\u00f1o y la creaci\u00f3n de estrategias efectivas para fomentar su autonom\u00eda, bienestar y desarrollo. Las asesor\u00edas incluyen orientaci\u00f3n sobre la aplicaci\u00f3n del m\u00e9todo Montessori en distintos entornos, ayudando a educadores, familias y profesionales a generar espacios de aprendizaje que favorezcan la confianza, el respeto y el crecimiento personal.<\/p>\n<p>Con la experiencia de nuestro grupo de especialistas, buscamos acompa\u00f1ar a quienes desean implementar este enfoque educativo de manera consciente, proporcionando herramientas y conocimientos que faciliten la resoluci\u00f3n de desaf\u00edos particulares en el desarrollo humano.<\/p>\t\t\t\t\t\t\t\t<\/div>\n\t\t\t\t<div class=\"elementor-element elementor-element-52b4acf elementor-widget elementor-widget-button\" data-id=\"52b4acf\" data-element_type=\"widget\" data-e-type=\"widget\" data-widget_type=\"button.default\">\n\t\t\t\t\t\t\t\t\t\t<a class=\"elementor-button elementor-button-link elementor-size-sm\" href=\"http:\/\/wa.link\/av7fdi\">\n\t\t\t\t\t\t<span class=\"elementor-button-content-wrapper\">\n\t\t\t\t\t\t\t\t\t<span class=\"elementor-button-text\">Informes<\/span>\n\t\t\t\t\t<\/span>\n\t\t\t\t\t<\/a>\n\t\t\t\t\t\t\t\t<\/div>\n\t\t\t\t<\/div>\n\t\t\t\t\t<\/div>\n\t\t\t\t<\/div>\n\t\t<div class=\"elementor-element elementor-element-5cef3c2 elementor-hidden-desktop e-flex e-con-boxed e-con e-parent\" data-id=\"5cef3c2\" data-element_type=\"container\" data-e-type=\"container\">\n\t\t\t\t\t<div class=\"e-con-inner\">\n\t\t<div class=\"elementor-element elementor-element-8a05e92 e-con-full e-flex e-con e-child\" data-id=\"8a05e92\" data-element_type=\"container\" data-e-type=\"container\">\n\t\t\t\t<div class=\"elementor-element elementor-element-0be2fbb elementor-widget elementor-widget-image\" data-id=\"0be2fbb\" data-element_type=\"widget\" data-e-type=\"widget\" data-widget_type=\"image.default\">\n\t\t\t\t\t\t\t\t\t\t\t\t\t\t\t<img decoding=\"async\" width=\"517\" height=\"170\" src=\"https:\/\/institutopaolini.mx\/wp-content\/uploads\/2021\/11\/Imagen-21.png\" class=\"attachment-large size-large wp-image-54671\" alt=\"\" srcset=\"https:\/\/institutopaolini.mx\/wp-content\/uploads\/2021\/11\/Imagen-21.png 517w, https:\/\/institutopaolini.mx\/wp-content\/uploads\/2021\/11\/Imagen-21-300x99.png 300w\" sizes=\"(max-width: 517px) 100vw, 517px\" \/>\t\t\t\t\t\t\t\t\t\t\t\t\t\t\t<\/div>\n\t\t\t\t<div class=\"elementor-element elementor-element-b72a140 elementor-widget elementor-widget-image\" data-id=\"b72a140\" data-element_type=\"widget\" data-e-type=\"widget\" data-widget_type=\"image.default\">\n\t\t\t\t\t\t\t\t\t\t\t\t\t\t\t<img decoding=\"async\" width=\"570\" height=\"425\" src=\"https:\/\/institutopaolini.mx\/wp-content\/uploads\/2021\/11\/Enmascarar-grupo-12.png\" class=\"attachment-large size-large wp-image-54667\" alt=\"\" srcset=\"https:\/\/institutopaolini.mx\/wp-content\/uploads\/2021\/11\/Enmascarar-grupo-12.png 570w, https:\/\/institutopaolini.mx\/wp-content\/uploads\/2021\/11\/Enmascarar-grupo-12-300x224.png 300w\" sizes=\"(max-width: 570px) 100vw, 570px\" \/>\t\t\t\t\t\t\t\t\t\t\t\t\t\t\t<\/div>\n\t\t\t\t<\/div>\n\t\t<div class=\"elementor-element elementor-element-9f53703 e-con-full e-flex e-con e-child\" data-id=\"9f53703\" data-element_type=\"container\" data-e-type=\"container\">\n\t\t\t\t<div class=\"elementor-element elementor-element-bdfcb65 elementor-widget elementor-widget-heading\" data-id=\"bdfcb65\" data-element_type=\"widget\" data-e-type=\"widget\" data-widget_type=\"heading.default\">\n\t\t\t\t\t<h2 class=\"elementor-heading-title elementor-size-default\">Mentor\u00eda a Exalumnos<\/h2>\t\t\t\t<\/div>\n\t\t\t\t<div class=\"elementor-element elementor-element-df3391f elementor-widget elementor-widget-text-editor\" data-id=\"df3391f\" data-element_type=\"widget\" data-e-type=\"widget\" data-widget_type=\"text-editor.default\">\n\t\t\t\t\t\t\t\t\t<p>El servicio de tutor\u00eda para exalumnos pretende apoyar a aquellas peersonas que han completado sus estudios y buscan continuar desarrollando sus habilidades y conocimientos. Nuestro equipo de asesores expertos brinda apoyo y orientaci\u00f3n en la pr\u00e1ctica Montessori a los estudiantes trav\u00e9s de nuestra plataforma digital<\/p>\t\t\t\t\t\t\t\t<\/div>\n\t\t\t\t<div class=\"elementor-element elementor-element-73a30c7 elementor-widget elementor-widget-spacer\" data-id=\"73a30c7\" data-element_type=\"widget\" data-e-type=\"widget\" data-widget_type=\"spacer.default\">\n\t\t\t\t\t\t\t<div class=\"elementor-spacer\">\n\t\t\t<div class=\"elementor-spacer-inner\"><\/div>\n\t\t<\/div>\n\t\t\t\t\t\t<\/div>\n\t\t\t\t<div class=\"elementor-element elementor-element-d7c8320 elementor-align-right elementor-tablet-align-left elementor-widget elementor-widget-button\" data-id=\"d7c8320\" data-element_type=\"widget\" data-e-type=\"widget\" data-widget_type=\"button.default\">\n\t\t\t\t\t\t\t\t\t\t<a class=\"elementor-button elementor-button-link elementor-size-sm\" href=\"http:\/\/wa.link\/av7fdi\">\n\t\t\t\t\t\t<span class=\"elementor-button-content-wrapper\">\n\t\t\t\t\t\t\t\t\t<span class=\"elementor-button-text\">Informes<\/span>\n\t\t\t\t\t<\/span>\n\t\t\t\t\t<\/a>\n\t\t\t\t\t\t\t\t<\/div>\n\t\t\t\t<\/div>\n\t\t\t\t\t<\/div>\n\t\t\t\t<\/div>\n\t\t<div class=\"elementor-element elementor-element-ec35562 elementor-hidden-tablet elementor-hidden-mobile e-flex e-con-boxed e-con e-parent\" data-id=\"ec35562\" data-element_type=\"container\" data-e-type=\"container\">\n\t\t\t\t\t<div class=\"e-con-inner\">\n\t\t<div class=\"elementor-element elementor-element-a5e40bc e-con-full e-flex e-con e-child\" data-id=\"a5e40bc\" data-element_type=\"container\" data-e-type=\"container\">\n\t\t\t\t<div class=\"elementor-element elementor-element-bb844be elementor-widget elementor-widget-heading\" data-id=\"bb844be\" data-element_type=\"widget\" data-e-type=\"widget\" data-widget_type=\"heading.default\">\n\t\t\t\t\t<h2 class=\"elementor-heading-title elementor-size-default\">Mentor\u00eda a Exalumnos<\/h2>\t\t\t\t<\/div>\n\t\t\t\t<div class=\"elementor-element elementor-element-aad56f6 elementor-widget elementor-widget-text-editor\" data-id=\"aad56f6\" data-element_type=\"widget\" data-e-type=\"widget\" data-widget_type=\"text-editor.default\">\n\t\t\t\t\t\t\t\t\t<p>El servicio de tutor\u00eda para exalumnos pretende apoyar a aquellas peersonas que han completado sus estudios y buscan continuar desarrollando sus habilidades y conocimientos. Nuestro equipo de asesores expertos brinda apoyo y orientaci\u00f3n en la pr\u00e1ctica Montessori a los estudiantes trav\u00e9s de nuestra plataforma digital<\/p>\t\t\t\t\t\t\t\t<\/div>\n\t\t\t\t<div class=\"elementor-element elementor-element-578b908 elementor-widget elementor-widget-spacer\" data-id=\"578b908\" data-element_type=\"widget\" data-e-type=\"widget\" data-widget_type=\"spacer.default\">\n\t\t\t\t\t\t\t<div class=\"elementor-spacer\">\n\t\t\t<div class=\"elementor-spacer-inner\"><\/div>\n\t\t<\/div>\n\t\t\t\t\t\t<\/div>\n\t\t\t\t<div class=\"elementor-element elementor-element-fa0bb80 elementor-align-right elementor-widget elementor-widget-button\" data-id=\"fa0bb80\" data-element_type=\"widget\" data-e-type=\"widget\" data-widget_type=\"button.default\">\n\t\t\t\t\t\t\t\t\t\t<a class=\"elementor-button elementor-button-link elementor-size-sm\" href=\"http:\/\/wa.link\/av7fdi\">\n\t\t\t\t\t\t<span class=\"elementor-button-content-wrapper\">\n\t\t\t\t\t\t\t\t\t<span class=\"elementor-button-text\">Informes<\/span>\n\t\t\t\t\t<\/span>\n\t\t\t\t\t<\/a>\n\t\t\t\t\t\t\t\t<\/div>\n\t\t\t\t<\/div>\n\t\t<div class=\"elementor-element elementor-element-4ea053c e-con-full e-flex e-con e-child\" data-id=\"4ea053c\" data-element_type=\"container\" data-e-type=\"container\">\n\t\t\t\t<div class=\"elementor-element elementor-element-fcf818b elementor-widget elementor-widget-image\" data-id=\"fcf818b\" data-element_type=\"widget\" data-e-type=\"widget\" data-widget_type=\"image.default\">\n\t\t\t\t\t\t\t\t\t\t\t\t\t\t\t<img loading=\"lazy\" decoding=\"async\" width=\"1024\" height=\"667\" src=\"https:\/\/institutopaolini.mx\/wp-content\/uploads\/2025\/12\/WhatsApp-Image-2025-12-19-at-8.49.28-PM-1024x667.jpeg\" class=\"attachment-large size-large wp-image-55934\" alt=\"\" srcset=\"https:\/\/institutopaolini.mx\/wp-content\/uploads\/2025\/12\/WhatsApp-Image-2025-12-19-at-8.49.28-PM-1024x667.jpeg 1024w, https:\/\/institutopaolini.mx\/wp-content\/uploads\/2025\/12\/WhatsApp-Image-2025-12-19-at-8.49.28-PM-300x195.jpeg 300w, https:\/\/institutopaolini.mx\/wp-content\/uploads\/2025\/12\/WhatsApp-Image-2025-12-19-at-8.49.28-PM-768x500.jpeg 768w, https:\/\/institutopaolini.mx\/wp-content\/uploads\/2025\/12\/WhatsApp-Image-2025-12-19-at-8.49.28-PM-1200x781.jpeg 1200w, https:\/\/institutopaolini.mx\/wp-content\/uploads\/2025\/12\/WhatsApp-Image-2025-12-19-at-8.49.28-PM.jpeg 1232w\" sizes=\"(max-width: 1024px) 100vw, 1024px\" \/>\t\t\t\t\t\t\t\t\t\t\t\t\t\t\t<\/div>\n\t\t\t\t<\/div>\n\t\t\t\t\t<\/div>\n\t\t\t\t<\/div>\n\t\t\t\t<\/div>\n\t\t","protected":false},"excerpt":{"rendered":"<p>Asesor\u00edas Asesor\u00edas Asesor\u00eda Montessori en Desarrollo Humano Ofrecemos asesor\u00edas especializadas para escuelas, hogares y personas interesadas en el enfoque Montessori, con el prop\u00f3sito de apoyar el desarrollo integral de ni\u00f1os y j\u00f3venes. A trav\u00e9s de este servicio, proporcionamos soluciones adaptadas para abordar situaciones especiales relacionadas con la conducta, el aprendizaje y el rendimiento escolar. Nuestro&hellip;<\/p>\n","protected":false},"author":1,"featured_media":0,"parent":0,"menu_order":12,"comment_status":"closed","ping_status":"closed","template":"elementor_header_footer","meta":{"footnotes":""},"class_list":["post-54869","page","type-page","status-publish","hentry"],"_links":{"self":[{"href":"https:\/\/institutopaolini.mx\/index.php\/wp-json\/wp\/v2\/pages\/54869","targetHints":{"allow":["GET"]}}],"collection":[{"href":"https:\/\/institutopaolini.mx\/index.php\/wp-json\/wp\/v2\/pages"}],"about":[{"href":"https:\/\/institutopaolini.mx\/index.php\/wp-json\/wp\/v2\/types\/page"}],"author":[{"embeddable":true,"href":"https:\/\/institutopaolini.mx\/index.php\/wp-json\/wp\/v2\/users\/1"}],"replies":[{"embeddable":true,"href":"https:\/\/institutopaolini.mx\/index.php\/wp-json\/wp\/v2\/comments?post=54869"}],"version-history":[{"count":34,"href":"https:\/\/institutopaolini.mx\/index.php\/wp-json\/wp\/v2\/pages\/54869\/revisions"}],"predecessor-version":[{"id":55937,"href":"https:\/\/institutopaolini.mx\/index.php\/wp-json\/wp\/v2\/pages\/54869\/revisions\/55937"}],"wp:attachment":[{"href":"https:\/\/institutopaolini.mx\/index.php\/wp-json\/wp\/v2\/media?parent=54869"}],"curies":[{"name":"wp","href":"https:\/\/api.w.org\/{rel}","templated":true}]}}